{"id":502,"date":"2019-04-03T00:16:31","date_gmt":"2019-04-02T22:16:31","guid":{"rendered":"http:\/\/www.santapola4you.es\/?page_id=502"},"modified":"2023-08-30T12:10:23","modified_gmt":"2023-08-30T10:10:23","slug":"datos-de-inte","status":"publish","type":"page","link":"https:\/\/www.santapola4you.es\/es\/datos-de-inte\/","title":{"rendered":"Datos de inter\u00e9s"},"content":{"rendered":"<p><\/p>\n<ul>\n<li>Horario t\u00edpico de comida: 13h-15h<\/li>\n<li>Horario t\u00edpico de cena: 20-22h<\/li>\n<li>Emergencias, polic\u00eda y bomberos: tel\u00e9fono: 112<br \/>\n<iframe class=\"FB_Maps1\" src=\"https:\/\/www.google.com\/maps\/embed?pb=!1m18!1m12!1m3!1d3135.5285321999!2d-0.5667909853136471!3d38.197624295492425!2m3!1f0!2f0!3f0!3m2!1i1024!2i768!4f13.1!3m3!1m2!1s0xd624c53aaa0b1af%3A0xa084a026c566a8ab!2sPolic%C3%ADa+Local!5e0!3m2!1sen!2suk!4v1554243797255!5m2!1sen!2suk\"><\/iframe><\/li>\n<li>Centro de salud: tel\u00e9fono: 966 915 303\n<p><iframe class=\"FB_Maps1\" src=\"https:\/\/www.google.com\/maps\/embed?pb=!1m18!1m12!1m3!1d3135.685719597638!2d-0.5641808853137871!3d38.1939737957044!2m3!1f0!2f0!3f0!3m2!1i1024!2i768!4f13.1!3m3!1m2!1s0xd624c56799c6d57%3A0x6c74a7b58c2b3378!2sCentro+de+Salud+Santa+Pola!5e0!3m2!1sen!2suk!4v1554242926248!5m2!1sen!2suk\"><\/iframe><\/li>\n<li>Farmacias: <a href=\"https:\/\/www.farmacias.es\/alicante\/santa-pola\" rel=\"noopener noreferrer\" target=\"_blank\">www.farmacias.es<\/a><\/li>\n<li>Oficinas de turismo: Phone: 966 69 60 52 <a href=\"http:\/\/www.turismosantapola.es\/santapola\/web_php\/index.php?lang=4\" rel=\"noopener noreferrer\" target=\"_blank\">www.turismosantapola.es<\/a><br \/>\n<iframe class=\"FB_Maps1\" src=\"https:\/\/www.google.com\/maps\/embed?pb=!1m18!1m12!1m3!1d12542.110557546795!2d-0.573357074444935!3d38.197645029226464!2m3!1f0!2f0!3f0!3m2!1i1024!2i768!4f13.1!3m3!1m2!1s0xd624c56c32cf4f3%3A0xf23579c61bcec872!2sTourist+Info+Santa+Pola+Centro!5e0!3m2!1sen!2suk!4v1554243996850!5m2!1sen!2suk\"><\/iframe><br \/>\n<iframe class=\"FB_Maps1\" src=\"https:\/\/www.google.com\/maps\/embed?pb=!1m18!1m12!1m3!1d6271.442333294886!2d-0.5605685806006748!3d38.19315053715562!2m3!1f0!2f0!3f0!3m2!1i1024!2i768!4f13.1!3m3!1m2!1s0x0%3A0x1a0afff8b9164df!2sOficina+de+Turismo+Santa+Pola+Centro!5e0!3m2!1sen!2suk!4v1554244122960!5m2!1sen!2suk\"><\/iframe><\/li>\n<li>Taxi desde Santa Pola: <a href=\"http:\/\/www.radiotaxisantapola24h.es\" rel=\"noopener noreferrer\" target=\"_blank\">www.radiotaxisantapola24h.es<\/a><\/li>\n<li>Taxi desde Santa Pola: <a href=\"https:\/\/alicanteairporttransfer.net\/\" rel=\"noopener noreferrer\" target=\"_blank\">www.alicanteairporttransfer.net<\/a><\/li>\n<li>Estaci\u00f3n de Bus: <a href=\"https:\/\/www.estacionsantapola.es\/\" rel=\"noopener noreferrer\" target=\"_blank\">www.estacionsantapola.es\/<\/a><br \/><iframe class=\"FB_Maps1\" src=\"https:\/\/www.google.com\/maps\/embed?pb=!1m14!1m8!1m3!1d3135.5305472543055!2d-0.5627976!3d38.1975775!3m2!1i1024!2i768!4f13.1!3m3!1m2!1s0x0%3A0xe7080c66847a5f93!2sEstaci%C3%B3+d&#39;+Autobusos+de+Santa+Pola!5e0!3m2!1sen!2suk!4v1554242606593!5m2!1sen!2suk\"><\/iframe><\/li>\n<\/ul>\n<p><\/p>","protected":false},"excerpt":{"rendered":"<p>Horario t\u00edpico de comida: 13h-15h Horario t\u00edpico de cena: 20-22h Emergencias, polic\u00eda y bomberos: tel\u00e9fono: 112 Centro de salud: tel\u00e9fono: 966 915 303 Farmacias: www.farmacias.es Oficinas de turismo: Phone: 966 69 60 52 www.turismosantapola.es Taxi desde Santa Pola: www.radiotaxisantapola24h.es Taxi desde Santa Pola: www.alicanteairporttransfer.net Estaci\u00f3n de Bus: www.estacionsantapola.es\/<\/p>\n","protected":false},"author":1,"featured_media":0,"parent":0,"menu_order":0,"comment_status":"closed","ping_status":"closed","template":"","meta":{"_exactmetrics_skip_tracking":false,"_exactmetrics_sitenote_active":false,"_exactmetrics_sitenote_note":"","_exactmetrics_sitenote_category":0,"footnotes":"","_links_to":"","_links_to_target":""},"class_list":["post-502","page","type-page","status-publish","hentry"],"_links":{"self":[{"href":"https:\/\/www.santapola4you.es\/es\/wp-json\/wp\/v2\/pages\/502","targetHints":{"allow":["GET"]}}],"collection":[{"href":"https:\/\/www.santapola4you.es\/es\/wp-json\/wp\/v2\/pages"}],"about":[{"href":"https:\/\/www.santapola4you.es\/es\/wp-json\/wp\/v2\/types\/page"}],"author":[{"embeddable":true,"href":"https:\/\/www.santapola4you.es\/es\/wp-json\/wp\/v2\/users\/1"}],"replies":[{"embeddable":true,"href":"https:\/\/www.santapola4you.es\/es\/wp-json\/wp\/v2\/comments?post=502"}],"version-history":[{"count":18,"href":"https:\/\/www.santapola4you.es\/es\/wp-json\/wp\/v2\/pages\/502\/revisions"}],"predecessor-version":[{"id":714,"href":"https:\/\/www.santapola4you.es\/es\/wp-json\/wp\/v2\/pages\/502\/revisions\/714"}],"wp:attachment":[{"href":"https:\/\/www.santapola4you.es\/es\/wp-json\/wp\/v2\/media?parent=502"}],"curies":[{"name":"wp","href":"https:\/\/api.w.org\/{rel}","templated":true}]}}