{"id":123,"date":"2016-05-13T01:36:16","date_gmt":"2016-05-12T23:36:16","guid":{"rendered":"http:\/\/alicanteholidays.fbnaval.es\/?page_id=123"},"modified":"2019-02-27T00:49:54","modified_gmt":"2019-02-26T23:49:54","slug":"things-to-do","status":"publish","type":"page","link":"https:\/\/www.santapola4you.es\/es\/things-to-do\/","title":{"rendered":"Actividades"},"content":{"rendered":"<div class=\"pt-cv-wrapper\"><div class=\"pt-cv-view pt-cv-grid pt-cv-colsys\" id=\"pt-cv-view-8fb5985x8t\"><div data-id=\"pt-cv-page-1\" class=\"pt-cv-page\" data-cvc=\"2\"><div class=\"col-md-6 col-sm-6 col-xs-12 pt-cv-content-item pt-cv-1-col\" ><div class='pt-cv-ifield'><a href=\"https:\/\/www.santapola4you.es\/es\/beaches\/\" class=\"_self pt-cv-href-thumbnail pt-cv-thumb-default\" target=\"_self\" ><img loading=\"lazy\" decoding=\"async\" width=\"300\" height=\"97\" src=\"https:\/\/www.santapola4you.es\/wp-content\/uploads\/SantaPola_Playas-300x97.jpg\" class=\"pt-cv-thumbnail\" alt=\"\" srcset=\"https:\/\/www.santapola4you.es\/wp-content\/uploads\/SantaPola_Playas-300x97.jpg 300w, https:\/\/www.santapola4you.es\/wp-content\/uploads\/SantaPola_Playas.jpg 414w\" sizes=\"auto, (max-width: 300px) 100vw, 300px\" \/><\/a>\n<h4 class=\"pt-cv-title\"><a href=\"https:\/\/www.santapola4you.es\/es\/beaches\/\" class=\"_self\" target=\"_self\" >Playas<\/a><\/h4>\n<div class=\"pt-cv-content\">Definitivamente Santa Pola es sin\u00f3nimo de playas. Las dos playas principales de Santa Pola son la Playa de Levante y ...<br \/><div class=\"pt-cv-rmwrap\"><a href=\"https:\/\/www.santapola4you.es\/es\/beaches\/\" class=\"_self pt-cv-readmore btn btn-success\" target=\"_self\">Leer m\u00e1s<\/a><\/div><\/div><\/div><\/div>\n<div class=\"col-md-6 col-sm-6 col-xs-12 pt-cv-content-item pt-cv-1-col\" ><div class='pt-cv-ifield'><a href=\"https:\/\/www.santapola4you.es\/es\/the-salt-museum\/\" class=\"_self pt-cv-href-thumbnail pt-cv-thumb-default\" target=\"_self\" ><img loading=\"lazy\" decoding=\"async\" width=\"300\" height=\"105\" src=\"https:\/\/www.santapola4you.es\/wp-content\/uploads\/2019\/03\/SantaPola_Museo-de-la-Sal-300x105.jpg\" class=\"pt-cv-thumbnail\" alt=\"\" srcset=\"https:\/\/www.santapola4you.es\/wp-content\/uploads\/2019\/03\/SantaPola_Museo-de-la-Sal-300x105.jpg 300w, https:\/\/www.santapola4you.es\/wp-content\/uploads\/2019\/03\/SantaPola_Museo-de-la-Sal.jpg 630w\" sizes=\"auto, (max-width: 300px) 100vw, 300px\" \/><\/a>\n<h4 class=\"pt-cv-title\"><a href=\"https:\/\/www.santapola4you.es\/es\/the-salt-museum\/\" class=\"_self\" target=\"_self\" >Museo de la Sal<\/a><\/h4>\n<div class=\"pt-cv-content\">El Museo de la Sal se ubica en las instalaciones de una antigua factor\u00eda de sal, dentro del Parque Natural ...<br \/><div class=\"pt-cv-rmwrap\"><a href=\"https:\/\/www.santapola4you.es\/es\/the-salt-museum\/\" class=\"_self pt-cv-readmore btn btn-success\" target=\"_self\">Leer m\u00e1s<\/a><\/div><\/div><\/div><\/div>\n<div class=\"col-md-6 col-sm-6 col-xs-12 pt-cv-content-item pt-cv-1-col\" ><div class='pt-cv-ifield'><a href=\"https:\/\/www.santapola4you.es\/es\/santa-pola-maritime-museum\/\" class=\"_self pt-cv-href-thumbnail pt-cv-thumb-default\" target=\"_self\" ><img loading=\"lazy\" decoding=\"async\" width=\"300\" height=\"117\" src=\"https:\/\/www.santapola4you.es\/wp-content\/uploads\/SantaPola_MuseoMaritimo_639x239-300x117.jpg\" class=\"pt-cv-thumbnail\" alt=\"\" srcset=\"https:\/\/www.santapola4you.es\/wp-content\/uploads\/SantaPola_MuseoMaritimo_639x239-300x117.jpg 300w, https:\/\/www.santapola4you.es\/wp-content\/uploads\/SantaPola_MuseoMaritimo_639x239.jpg 639w\" sizes=\"auto, (max-width: 300px) 100vw, 300px\" \/><\/a>\n<h4 class=\"pt-cv-title\"><a href=\"https:\/\/www.santapola4you.es\/es\/santa-pola-maritime-museum\/\" class=\"_self\" target=\"_self\" >Museo del Mar Santa Pola<\/a><\/h4>\n<div class=\"pt-cv-content\">El complejo muse\u00edstico Museo del Mar est\u00e1 ubicado en el Castillo-Fortaleza de Santa Pola. Cuenta con tres secciones diferenciadas: 1 ...<br \/><div class=\"pt-cv-rmwrap\"><a href=\"https:\/\/www.santapola4you.es\/es\/santa-pola-maritime-museum\/\" class=\"_self pt-cv-readmore btn btn-success\" target=\"_self\">Leer m\u00e1s<\/a><\/div><\/div><\/div><\/div>\n<div class=\"col-md-6 col-sm-6 col-xs-12 pt-cv-content-item pt-cv-1-col\" ><div class='pt-cv-ifield'><a href=\"https:\/\/www.santapola4you.es\/es\/birdwatching\/\" class=\"_self pt-cv-href-thumbnail pt-cv-thumb-default\" target=\"_self\" ><img loading=\"lazy\" decoding=\"async\" width=\"300\" height=\"100\" src=\"https:\/\/www.santapola4you.es\/wp-content\/uploads\/SantaPola_Birdwatching_900x300-300x100.jpg\" class=\"pt-cv-thumbnail\" alt=\"\" srcset=\"https:\/\/www.santapola4you.es\/wp-content\/uploads\/SantaPola_Birdwatching_900x300-300x100.jpg 300w, https:\/\/www.santapola4you.es\/wp-content\/uploads\/SantaPola_Birdwatching_900x300-768x256.jpg 768w, https:\/\/www.santapola4you.es\/wp-content\/uploads\/SantaPola_Birdwatching_900x300.jpg 900w\" sizes=\"auto, (max-width: 300px) 100vw, 300px\" \/><\/a>\n<h4 class=\"pt-cv-title\"><a href=\"https:\/\/www.santapola4you.es\/es\/birdwatching\/\" class=\"_self\" target=\"_self\" >Avistamiento de aves<\/a><\/h4>\n<div class=\"pt-cv-content\">Santa Pola es un para\u00edso para los amantes del birdwatching, sobre todo en el Parque Natural de las Salinas. Este ...<br \/><div class=\"pt-cv-rmwrap\"><a href=\"https:\/\/www.santapola4you.es\/es\/birdwatching\/\" class=\"_self pt-cv-readmore btn btn-success\" target=\"_self\">Leer m\u00e1s<\/a><\/div><\/div><\/div><\/div>\n<div class=\"col-md-6 col-sm-6 col-xs-12 pt-cv-content-item pt-cv-1-col\" ><div class='pt-cv-ifield'><a href=\"https:\/\/www.santapola4you.es\/es\/golf\/\" class=\"_self pt-cv-href-thumbnail pt-cv-thumb-default\" target=\"_self\" ><img loading=\"lazy\" decoding=\"async\" width=\"300\" height=\"104\" src=\"https:\/\/www.santapola4you.es\/wp-content\/uploads\/2016\/05\/golfportada-300x104.jpg\" class=\"pt-cv-thumbnail\" alt=\"\" srcset=\"https:\/\/www.santapola4you.es\/wp-content\/uploads\/2016\/05\/golfportada-300x104.jpg 300w, https:\/\/www.santapola4you.es\/wp-content\/uploads\/2016\/05\/golfportada-768x266.jpg 768w, https:\/\/www.santapola4you.es\/wp-content\/uploads\/2016\/05\/golfportada-1024x355.jpg 1024w, https:\/\/www.santapola4you.es\/wp-content\/uploads\/2016\/05\/golfportada-1200x416.jpg 1200w, https:\/\/www.santapola4you.es\/wp-content\/uploads\/2016\/05\/golfportada.jpg 1280w\" sizes=\"auto, (max-width: 300px) 100vw, 300px\" \/><\/a>\n<h4 class=\"pt-cv-title\"><a href=\"https:\/\/www.santapola4you.es\/es\/golf\/\" class=\"_self\" target=\"_self\" >Golf<\/a><\/h4>\n<div class=\"pt-cv-content\">\u200b\u200b\u200b\u200b\u200b\u200b\u200b\u200b\u200b\u200b\u200b\u200b\u200b\u200b\u200b\u200bAlicante se ti\u00f1e de verde. Los campos de golf que se extienden por la provincia se han convertido en una ...<br \/><div class=\"pt-cv-rmwrap\"><a href=\"https:\/\/www.santapola4you.es\/es\/golf\/\" class=\"_self pt-cv-readmore btn btn-success\" target=\"_self\">Leer m\u00e1s<\/a><\/div><\/div><\/div><\/div>\n<div class=\"col-md-6 col-sm-6 col-xs-12 pt-cv-content-item pt-cv-1-col\" ><div class='pt-cv-ifield'><a href=\"https:\/\/www.santapola4you.es\/es\/karting\/\" class=\"_self pt-cv-href-thumbnail pt-cv-thumb-default\" target=\"_self\" ><img loading=\"lazy\" decoding=\"async\" width=\"300\" height=\"110\" src=\"https:\/\/www.santapola4you.es\/wp-content\/uploads\/2016\/05\/Karting-Rio-Safari2-300x110.jpg\" class=\"pt-cv-thumbnail\" alt=\"\" srcset=\"https:\/\/www.santapola4you.es\/wp-content\/uploads\/2016\/05\/Karting-Rio-Safari2-300x110.jpg 300w, https:\/\/www.santapola4you.es\/wp-content\/uploads\/2016\/05\/Karting-Rio-Safari2-768x283.jpg 768w, https:\/\/www.santapola4you.es\/wp-content\/uploads\/2016\/05\/Karting-Rio-Safari2.jpg 1000w\" sizes=\"auto, (max-width: 300px) 100vw, 300px\" \/><\/a>\n<h4 class=\"pt-cv-title\"><a href=\"https:\/\/www.santapola4you.es\/es\/karting\/\" class=\"_self\" target=\"_self\" >Karting<\/a><\/h4>\n<div class=\"pt-cv-content\">En la zona se pueden encontrar varios lugares donde disfrutar del karting al aire libre. Karting Rio Safari Estas instalaciones ...<br \/><div class=\"pt-cv-rmwrap\"><a href=\"https:\/\/www.santapola4you.es\/es\/karting\/\" class=\"_self pt-cv-readmore btn btn-success\" target=\"_self\">Leer m\u00e1s<\/a><\/div><\/div><\/div><\/div>\n<div class=\"col-md-6 col-sm-6 col-xs-12 pt-cv-content-item pt-cv-1-col\" ><div class='pt-cv-ifield'><a href=\"https:\/\/www.santapola4you.es\/es\/rio-safari-elche\/\" class=\"_self pt-cv-href-thumbnail pt-cv-thumb-default\" target=\"_self\" ><img loading=\"lazy\" decoding=\"async\" width=\"300\" height=\"106\" src=\"https:\/\/www.santapola4you.es\/wp-content\/uploads\/RioSafariElche-720x255-300x106.jpg\" class=\"pt-cv-thumbnail\" alt=\"\" srcset=\"https:\/\/www.santapola4you.es\/wp-content\/uploads\/RioSafariElche-720x255-300x106.jpg 300w, https:\/\/www.santapola4you.es\/wp-content\/uploads\/RioSafariElche-720x255.jpg 720w\" sizes=\"auto, (max-width: 300px) 100vw, 300px\" \/><\/a>\n<h4 class=\"pt-cv-title\"><a href=\"https:\/\/www.santapola4you.es\/es\/rio-safari-elche\/\" class=\"_self\" target=\"_self\" >Rio Safari Elche<\/a><\/h4>\n<div class=\"pt-cv-content\">Rio Safari Elche se encuentra en un palmeral con m\u00e1s de 4000 palmeras, con un valor hist\u00f3rico y ecol\u00f3gico inestimable ...<br \/><div class=\"pt-cv-rmwrap\"><a href=\"https:\/\/www.santapola4you.es\/es\/rio-safari-elche\/\" class=\"_self pt-cv-readmore btn btn-success\" target=\"_self\">Leer m\u00e1s<\/a><\/div><\/div><\/div><\/div>\n<div class=\"col-md-6 col-sm-6 col-xs-12 pt-cv-content-item pt-cv-1-col\" ><div class='pt-cv-ifield'><a href=\"https:\/\/www.santapola4you.es\/es\/water-sports-santa-pola\/\" class=\"_self pt-cv-href-thumbnail pt-cv-thumb-default\" target=\"_self\" ><img loading=\"lazy\" decoding=\"async\" width=\"300\" height=\"93\" src=\"https:\/\/www.santapola4you.es\/wp-content\/uploads\/SantaPola_Kayaks_769x238-300x93.jpg\" class=\"pt-cv-thumbnail\" alt=\"\" srcset=\"https:\/\/www.santapola4you.es\/wp-content\/uploads\/SantaPola_Kayaks_769x238-300x93.jpg 300w, https:\/\/www.santapola4you.es\/wp-content\/uploads\/SantaPola_Kayaks_769x238-768x238.jpg 768w, https:\/\/www.santapola4you.es\/wp-content\/uploads\/SantaPola_Kayaks_769x238.jpg 769w\" sizes=\"auto, (max-width: 300px) 100vw, 300px\" \/><\/a>\n<h4 class=\"pt-cv-title\"><a href=\"https:\/\/www.santapola4you.es\/es\/water-sports-santa-pola\/\" class=\"_self\" target=\"_self\" >Deportes n\u00e1uticos<\/a><\/h4>\n<div class=\"pt-cv-content\">Disfruta de los deportes n\u00e1uticos en un entorno privilegiado. Tanto si eres un friky del mar como si es la ...<br \/><div class=\"pt-cv-rmwrap\"><a href=\"https:\/\/www.santapola4you.es\/es\/water-sports-santa-pola\/\" class=\"_self pt-cv-readmore btn btn-success\" target=\"_self\">Leer m\u00e1s<\/a><\/div><\/div><\/div><\/div>\n<div class=\"col-md-6 col-sm-6 col-xs-12 pt-cv-content-item pt-cv-1-col\" ><div class='pt-cv-ifield'><a href=\"https:\/\/www.santapola4you.es\/es\/santa-pola-aquarium\/\" class=\"_self pt-cv-href-thumbnail pt-cv-thumb-default\" target=\"_self\" ><img loading=\"lazy\" decoding=\"async\" width=\"300\" height=\"100\" src=\"https:\/\/www.santapola4you.es\/wp-content\/uploads\/SantaPola_Aquarium_1000x333-300x100.jpg\" class=\"pt-cv-thumbnail\" alt=\"\" srcset=\"https:\/\/www.santapola4you.es\/wp-content\/uploads\/SantaPola_Aquarium_1000x333-300x100.jpg 300w, https:\/\/www.santapola4you.es\/wp-content\/uploads\/SantaPola_Aquarium_1000x333-768x255.jpg 768w, https:\/\/www.santapola4you.es\/wp-content\/uploads\/SantaPola_Aquarium_1000x333.jpg 955w\" sizes=\"auto, (max-width: 300px) 100vw, 300px\" \/><\/a>\n<h4 class=\"pt-cv-title\"><a href=\"https:\/\/www.santapola4you.es\/es\/santa-pola-aquarium\/\" class=\"_self\" target=\"_self\" >Acuario de Santa Pola<\/a><\/h4>\n<div class=\"pt-cv-content\">El acuario de Santa Pola es el m\u00e1s antiguo de la Comunidad Valenciana y posee 9 grandes acuarios. Sus instalaciones ...<br \/><div class=\"pt-cv-rmwrap\"><a href=\"https:\/\/www.santapola4you.es\/es\/santa-pola-aquarium\/\" class=\"_self pt-cv-readmore btn btn-success\" target=\"_self\">Leer m\u00e1s<\/a><\/div><\/div><\/div><\/div>\n<div class=\"col-md-6 col-sm-6 col-xs-12 pt-cv-content-item pt-cv-1-col\" ><div class='pt-cv-ifield'><a href=\"https:\/\/www.santapola4you.es\/es\/pola-park\/\" class=\"_self pt-cv-href-thumbnail pt-cv-thumb-default\" target=\"_self\" ><img loading=\"lazy\" decoding=\"async\" width=\"300\" height=\"102\" src=\"https:\/\/www.santapola4you.es\/wp-content\/uploads\/PolaPark_660x225-300x102.jpg\" class=\"pt-cv-thumbnail\" alt=\"\" srcset=\"https:\/\/www.santapola4you.es\/wp-content\/uploads\/PolaPark_660x225-300x102.jpg 300w, https:\/\/www.santapola4you.es\/wp-content\/uploads\/PolaPark_660x225.jpg 660w\" sizes=\"auto, (max-width: 300px) 100vw, 300px\" \/><\/a>\n<h4 class=\"pt-cv-title\"><a href=\"https:\/\/www.santapola4you.es\/es\/pola-park\/\" class=\"_self\" target=\"_self\" >Pola Park<\/a><\/h4>\n<div class=\"pt-cv-content\">Pola Park es un parque de atracciones para que los ni\u00f1os y familias disfruten en compa\u00f1\u00eda. Se pueden comprar entradas ...<br \/><div class=\"pt-cv-rmwrap\"><a href=\"https:\/\/www.santapola4you.es\/es\/pola-park\/\" class=\"_self pt-cv-readmore btn btn-success\" target=\"_self\">Leer m\u00e1s<\/a><\/div><\/div><\/div><\/div><\/div><\/div><\/div>\n","protected":false},"excerpt":{"rendered":"","protected":false},"author":1,"featured_media":0,"parent":0,"menu_order":0,"comment_status":"closed","ping_status":"closed","template":"","meta":{"_exactmetrics_skip_tracking":false,"_exactmetrics_sitenote_active":false,"_exactmetrics_sitenote_note":"","_exactmetrics_sitenote_category":0,"footnotes":"","_links_to":"","_links_to_target":""},"class_list":["post-123","page","type-page","status-publish","hentry"],"_links":{"self":[{"href":"https:\/\/www.santapola4you.es\/es\/wp-json\/wp\/v2\/pages\/123","targetHints":{"allow":["GET"]}}],"collection":[{"href":"https:\/\/www.santapola4you.es\/es\/wp-json\/wp\/v2\/pages"}],"about":[{"href":"https:\/\/www.santapola4you.es\/es\/wp-json\/wp\/v2\/types\/page"}],"author":[{"embeddable":true,"href":"https:\/\/www.santapola4you.es\/es\/wp-json\/wp\/v2\/users\/1"}],"replies":[{"embeddable":true,"href":"https:\/\/www.santapola4you.es\/es\/wp-json\/wp\/v2\/comments?post=123"}],"version-history":[{"count":3,"href":"https:\/\/www.santapola4you.es\/es\/wp-json\/wp\/v2\/pages\/123\/revisions"}],"predecessor-version":[{"id":182,"href":"https:\/\/www.santapola4you.es\/es\/wp-json\/wp\/v2\/pages\/123\/revisions\/182"}],"wp:attachment":[{"href":"https:\/\/www.santapola4you.es\/es\/wp-json\/wp\/v2\/media?parent=123"}],"curies":[{"name":"wp","href":"https:\/\/api.w.org\/{rel}","templated":true}]}}